{"id":569,"date":"2023-06-24T07:22:26","date_gmt":"2023-06-24T07:22:26","guid":{"rendered":"https:\/\/comchayninhbinh.vn\/blog\/?post_type=product&#038;p=569"},"modified":"2023-06-24T09:44:40","modified_gmt":"2023-06-24T09:44:40","slug":"com-chay-ninh-binh-200g-sieu-cha-bong-cay-vua","status":"publish","type":"product","link":"https:\/\/comchayninhbinh.vn\/blog\/san-pham\/com-chay-ninh-binh-200g-sieu-cha-bong-cay-vua\/","title":{"rendered":"C\u01a1m Ch\u00e1y Ninh B\u00ecnh 200g Si\u00eau Ch\u00e0 B\u00f4ng Cay V\u1eeba"},"content":{"rendered":"<p>C\u00f4ng ty CP TM &amp; TP Hoa L\u01b0 chuy\u00ean cung c\u1ea5p c\u00e1c lo\u1ea1i c\u01a1m ch\u00e1y cao c\u1ea5p, an to\u00e0n, \u0111\u1ea3m b\u1ea3o v\u1ec7 sinh th\u1ef1c ph\u1ea9m, bao b\u00ec \u0111\u1eb9p nh\u01b0: C\u01a1m ch\u00e1y ch\u01b0a chi\u00ean, c\u01a1m ch\u00e1y ch\u00e0 b\u00f4ng, c\u01a1m ch\u00e1y ch\u1ec9 chi\u00ean, c\u01a1m ch\u00e1y si\u00eau ch\u00e0 b\u00f4ng, c\u01a1m ch\u00e1y kh\u00f4ng ch\u00e0 b\u00f4ng.., \u0111\u01b0\u1ee3c s\u1ea3n xu\u1ea5t t\u1ea1i Hoa L\u01b0 &#8211; Ninh B\u00ecnh v\u1edbi th\u01b0\u01a1ng hi\u1ec7u C\u01a1m ch\u00e1y Ninh B\u00ecnh, \u0111\u0103ng k\u00fd nh\u00e3n hi\u1ec7u s\u1ed1: 59002\/Q\u0110-SHTT, b\u1ea3n t\u1ef1 c\u00f4ng b\u1ed1 ch\u1ea5t l\u01b0\u1ee3ng: 01\/CT CP TM &amp; TP HOA L\u01af\/2022.<\/p>\n<p><span style=\"color: #f99b1c;\"><strong>C\u01a1m ch\u00e1y Ninh B\u00ecnh:<\/strong><\/span> L\u00e0 th\u01b0\u01a1ng hi\u1ec7u \u0111\u01b0\u1ee3c y\u00eau th\u00edch v\u1edbi h\u01b0\u01a1ng v\u1ecb th\u01a1m ngon \u0111\u1eb7c tr\u01b0ng, \u0111\u1ea3m b\u1ea3o \u0111\u1ed9 gi\u00f2n, gia v\u1ecb ph\u00f9 h\u1ee3p m\u1ecdi l\u1ee9a tu\u1ed5i. S\u1ea3n ph\u1ea9m \u0111\u01b0\u1ee3c <strong>C\u00f4ng ty C\u1ed5 ph\u1ea7n Th\u01b0\u01a1ng m\u1ea1i v\u00e0 Th\u1ef1c ph\u1ea9m Hoa L\u01b0<\/strong> ph\u00e2n ph\u1ed1i kh\u1eafp c\u00e1c mi\u1ec1n t\u1ed5 qu\u1ed1c <strong>B\u1eafc, Trung, Nam.<\/strong> S\u1ea3n ph\u1ea9m c\u01a1m ch\u00e1y &#8211; \u0111\u1eb7c s\u1ea3n s\u1ed1 1 Ninh B\u00ecnh \u0111\u01b0\u1ee3c l\u1ef1a ch\u1ecdn t\u1eeb lo\u1ea1i g\u1ea1o n\u1ebfp ngon nh\u1ea5t c\u1ee7a v\u00f9ng B\u1eafc B\u1ed9, c\u01a1m ch\u00e1y chi\u00ean c\u00f3 \u0111\u1ed9 gi\u00f2n, ch\u00e0 b\u00f4ng \u0111\u01b0\u1ee3c l\u1ef1a ch\u1ecdn k\u1ef9 l\u01b0\u1ee1ng, s\u1ea1ch, ph\u1ee7 \u0111\u1ec1u c\u1ea3 2 t\u1ea5m. S\u1ea3n ph\u1ea9m \u0111\u01b0\u1ee3c \u0111\u0103ng k\u00fd nh\u00e3n hi\u1ec7u b\u1ea3o h\u1ed9 c\u0169ng nh\u01b0 c\u00f4ng b\u1ed1 ch\u1ea5t l\u01b0\u1ee3ng \u0111\u1ea7y \u0111\u1ee7, \u0111\u1ea3m b\u1ea3o an to\u00e0n s\u1ee9c kh\u1ecfe c\u1ed9ng \u0111\u1ed3ng, kh\u00f4ng s\u1eed d\u1ee5ng ch\u1ea5t b\u1ea3o qu\u1ea3n, ph\u1ea9m m\u1ea7u, ph\u00f9 h\u1ee3p v\u1edbi m\u1ecdi l\u1ee9a tu\u1ed5i, th\u00edch h\u1ee3p l\u00e0m qu\u00e0 bi\u1ebfu cho ng\u01b0\u1eddi th\u00e2n, c\u01a1 quan t\u1ed5 ch\u1ee9c t\u1eb7ng cho c\u00e1n b\u1ed9 c\u00f4ng nh\u00e2n vi\u00ean.<\/p>\n<h2><strong>Quy tr\u00ecnh s\u1ea3n xu\u1ea5t c\u01a1m ch\u00e1y<\/strong><\/h2>\n<p>L\u1ef1a ch\u1ecdn lo\u1ea1i g\u1ea1o r\u1ed3i \u0111em vo ng\u00e2m \u0111\u1ed3 x\u00f4i nh\u01b0 l\u00e0m c\u01a1m n\u1ebfp, san ph\u1eb3ng, c\u1eaft th\u00e0nh t\u1ea5m c\u01a1m theo k\u00edch th\u01b0\u1edbc \u0111\u00e3 \u0111\u1eb7t.<br \/>\n\u0110\u01b0a v\u00e0o l\u00f2, s\u1ea5y c\u01a1m l\u00ean \u1edf nhi\u1ec7t \u0111\u1ed9 85 &#8211; 90 \u00b0C tr\u00ean 10 ti\u1ebfng =&gt; t\u1ea1o ra c\u01a1m ch\u01b0a chi\u00ean<br \/>\nPha gia v\u1ecb v\u1edbi c\u00e1c kh\u1ea9u v\u1ecb nh\u01b0 kh\u00f4ng cay &#8211; cay v\u1eeba &#8211; si\u00eau cay b\u1eb1ng \u1edbt t\u1ef1 nhi\u00ean<br \/>\nChi\u00ean c\u01a1m ch\u01b0a chi\u00ean \u1edf nhi\u1ec7t \u0111\u1ed9 kho\u1ea3ng 200 \u00b0C<br \/>\nT\u1ea9m \u01b0\u1edbp gia v\u1ecb v\u00e0o c\u01a1m ch\u00e1y \u0111\u00e3 chi\u00ean,<br \/>\nS\u1ea5y l\u1ea1i cho \u0111\u1ea3m b\u1ea3o \u0111\u1ed9 gi\u00f2n<br \/>\n\u0110\u00f3ng g\u00f3i, \u0111\u00f3ng th\u00f9ng.<\/p>\n<h2><strong>Th\u00e0nh ph\u1ea7n ch\u00ednh c\u01a1m ch\u00e1y kh\u00f4ng ch\u00e0 b\u00f4ng<\/strong><\/h2>\n<p>G\u1ea1o n\u1ebfp c\u00e1i hoa v\u00e0ng &#8211; \u0111\u1eb7c s\u1ea3n c\u1ee7a \u0111\u1ed3ng b\u1eb1ng B\u1eafc B\u1ed9<br \/>\nD\u1ea7u th\u1ef1c v\u1eadt<br \/>\nGia v\u1ecb: Mu\u1ed1i, ti\u00eau, \u0111\u01b0\u1eddng,&#8230;<\/p>\n<h2><strong>H\u01b0\u1edbng d\u1eabn s\u1eed d\u1ee5ng c\u01a1m ch\u00e1y<\/strong><\/h2>\n<p>S\u1ea3n ph\u1ea9m \u0111\u00e3 qua ch\u1ebf bi\u1ebfn, n\u00ean s\u1eed d\u1ee5ng ngay sau khi m\u1edf t\u00fai, c\u00f3 th\u1ec3 \u0103n k\u00e8m th\u00eam v\u1edbi c\u00e1c n\u01b0\u1edbc x\u1ed1t d\u00ea, n\u01b0\u1edbc x\u1ed1t tim c\u1eadt, t\u01b0\u01a1ng \u1edbt,&#8230;<br \/>\nKhi s\u1eed d\u1ee5ng kh\u00f4ng h\u1ebft n\u00ean g\u00f3i k\u1ef9 b\u1ecf ng\u0103n m\u00e1t t\u1ee7 l\u1ea1nh \u0103n d\u1ea7n.<\/p>\n<h2><strong>H\u01b0\u1edbng d\u1eabn b\u1ea3o qu\u1ea3n c\u01a1m ch\u00e1y<\/strong><\/h2>\n<p>B\u1ea3o qu\u1ea3n \u1edf \u0111i\u1ec1u ki\u1ec7n b\u00ecnh th\u01b0\u1eddng, \u0111\u1ea3m b\u1ea3o v\u1ec7 sinh, tr\u00e1nh n\u01a1i c\u00f3 \u00e1nh s\u00e1ng m\u1eb7t tr\u1eddi tr\u1ef1c ti\u1ebfp.<\/p>\n<h2><strong>Kh\u00e1c bi\u1ec7t c\u1ee7a c\u01a1m ch\u00e1y Ninh B\u00ecnh<\/strong><\/h2>\n<p>Tr\u00ean th\u1ecb tr\u01b0\u1eddng c\u00f3 r\u1ea5t nhi\u1ec1u x\u01b0\u1edfng c\u01a1m ch\u00e1y c\u0169ng nh\u01b0 shop b\u00e1n c\u01a1m ch\u00e1y, \u0111\u1ea3m b\u1ea3o c\u00f3, ch\u1ea5t l\u01b0\u1ee3ng c\u00f3 nh\u01b0ng b\u00ean c\u1ea1nh \u0111\u00f3 h\u00e0ng k\u00e9m ch\u1ea5t l\u01b0\u1ee3ng c\u0169ng nh\u01b0 kh\u00f4ng \u0111\u1ea3m b\u1ea3o v\u1ec7 sinh an to\u00e0n th\u1ef1c ph\u1ea9m, ngu\u1ed3n g\u1ed1c th\u00ec c\u0169ng r\u1ea5t nhi\u1ec1u. C\u01a1m ch\u00e1y Ninh B\u00ecnh \u0111\u01b0a m\u1ed9t s\u1ed1 th\u00f4ng tin \u0111\u1ec3 qu\u00fd kh\u00e1ch c\u00f3 th\u1ec3 tham kh\u1ea3o khi mong mu\u1ed1n mua \u0111\u01b0\u1ee3c g\u00f3i c\u01a1m ch\u00e1y chu\u1ea9n c\u1ee7a C\u00f4ng ty:<\/p>\n<p>&#8211; C\u00e1c s\u1ea3n ph\u1ea9m l\u00e0 th\u1ef1c ph\u1ea9m \u0103n li\u1ec1n lu\u00f4n ph\u1ea3i \u0111\u01b0\u1ee3c c\u01a1 quan y t\u1ebf c\u1ee7a B\u1ed9 (Vi\u1ec7n ki\u1ec3m nghi\u1ec7m an to\u00e0n v\u1ec7 sinh &#8211; B\u1ed9 Y T\u1ebf) v\u00e0 c\u1ee7a T\u1ec9nh (Trung t\u00e2m ki\u1ec3m so\u00e1t b\u1ec7nh t\u1eadt t\u1ec9nh Ninh B\u00ecnh) c\u1ea5p phi\u1ebfu k\u1ebft qu\u1ea3 ki\u1ec3m nghi\u1ec7m \u0111\u1ea1t ti\u00eau chu\u1ea9n m\u1edbi \u0111\u01b0\u1ee3c l\u01b0u h\u00e0nh:<\/p>\n<p><img loading=\"lazy\" decoding=\"async\" class=\"aligncenter wp-image-557 size-full\" src=\"https:\/\/comchayninhbinh.vn\/blog\/wp-content\/uploads\/2023\/06\/anh1.jpg\" alt=\"\" width=\"750\" height=\"1061\" srcset=\"https:\/\/comchayninhbinh.vn\/blog\/wp-content\/uploads\/2023\/06\/anh1.jpg 750w, https:\/\/comchayninhbinh.vn\/blog\/wp-content\/uploads\/2023\/06\/anh1-212x300.jpg 212w, https:\/\/comchayninhbinh.vn\/blog\/wp-content\/uploads\/2023\/06\/anh1-724x1024.jpg 724w, https:\/\/comchayninhbinh.vn\/blog\/wp-content\/uploads\/2023\/06\/anh1-510x721.jpg 510w\" sizes=\"auto, (max-width: 750px) 100vw, 750px\" \/><\/p>\n<p><img decoding=\"async\" class=\"aligncenter wp-image-557 size-full\" src=\"https:\/\/comchayninhbinh.vn\/blog\/wp-content\/uploads\/2023\/06\/anh2.jpg\" alt=\"\" \/><\/p>\n<p>&#8211; T\u1eeb \u0111\u00f3 C\u00f4ng ty m\u1edbi l\u00e0m c\u0103n c\u1ee9 c\u00f4ng b\u1ed1 ch\u1ea5t l\u01b0\u1ee3ng theo cam k\u1ebft &#8211; 01\/CT CP TM &amp; TP HOA L\u01af\/2022.<br \/>\n&#8211; C\u01a1m ch\u00e1y Ninh B\u00ecnh 200g c\u00f3 2 t\u1ea5m c\u01a1m \u0111\u01b0\u1ee3c b\u1ecdc trong 01 m\u00e0ng b\u1ecdc tr\u00e1nh v\u1ee1 v\u00e0 \u0111\u1eb7t trong khay nh\u1ef1a \u0111\u1ecbnh h\u00ecnh c\u00f3 s\u1ed1 <span style=\"color: #00a859;\"><strong>hotline 097.234.2662<\/strong><\/span>, ngo\u00e0i ra c\u01a1m ch\u00e1y Ninh B\u00ecnh \u0111\u01b0\u1ee3c \u0111\u1ef1ng trong t\u00fai d\u00e1n k\u00edn c\u1ed1 \u0111\u1ecbnh &#8211; <span style=\"color: #ed1c24;\"><strong>kh\u00f4ng s\u1eed d\u1ee5ng t\u00fai zip<\/strong><\/span> v\u00ec \u01b0u \u0111i\u1ec3m t\u00fai zip l\u00e0 c\u00f3 th\u1ec3 kh\u00f3a l\u1ea1i khi kh\u00f4ng d\u00f9ng h\u1ebft nh\u01b0ng nh\u01b0\u1ee3c \u0111i\u1ec3m l\u00e0 kh\u00f4ng th\u1ec3 in m\u00e3 v\u1ea1ch, th\u00f4ng tin, ngu\u1ed3n g\u1ed1c l\u00ean bao b\u00ec (ho\u1eb7c gi\u00e1 th\u00e0nh r\u1ea5t cao) d\u1eabn \u0111\u1ebfn bao b\u00ec kh\u00f4ng \u0111\u1ea1t \u0111i\u1ec1u ki\u1ec7n l\u01b0u th\u00f4ng m\u00e0 ch\u1ec9 c\u00f3 th\u1ec3 in v\u00e0o decan gi\u1ea5y cho v\u00e0o b\u00ean trong t\u00fai zip s\u1ebd kh\u00f4ng \u0111\u1ea3m b\u1ea3o ti\u00eau chu\u1ea9n bao b\u00ec c\u0169ng nh\u01b0 ch\u1ea5t l\u01b0\u1ee3ng.<\/p>\n<p><img loading=\"lazy\" decoding=\"async\" class=\"aligncenter wp-image-564 size-full\" src=\"https:\/\/comchayninhbinh.vn\/blog\/wp-content\/uploads\/2023\/06\/anh8.png\" alt=\"\" width=\"600\" height=\"900\" srcset=\"https:\/\/comchayninhbinh.vn\/blog\/wp-content\/uploads\/2023\/06\/anh8.png 600w, https:\/\/comchayninhbinh.vn\/blog\/wp-content\/uploads\/2023\/06\/anh8-200x300.png 200w, https:\/\/comchayninhbinh.vn\/blog\/wp-content\/uploads\/2023\/06\/anh8-510x765.png 510w\" sizes=\"auto, (max-width: 600px) 100vw, 600px\" \/><\/p>\n<p>&#8211; H\u1ea1t g\u1ea1o c\u0169ng c\u00f3 th\u1ec3 ph\u00e2n bi\u1ec7t b\u1eb1ng m\u1eaft th\u01b0\u1eddng: H\u1ea1t \u0111\u1ec1u nhau c\u00f3 th\u1ec3 l\u00e0 m\u1ed9t lo\u1ea1i g\u1ea1o, h\u1ea1t g\u1ea1o tr\u00f2n l\u00e0 \u0111\u1eb7c \u0111i\u1ec3m c\u1ee7a lo\u1ea1i g\u1ea1o n\u1ebfp ta<\/p>\n<p><img loading=\"lazy\" decoding=\"async\" class=\"aligncenter wp-image-565 size-full\" src=\"https:\/\/comchayninhbinh.vn\/blog\/wp-content\/uploads\/2023\/06\/anh9.png\" alt=\"\" width=\"600\" height=\"400\" srcset=\"https:\/\/comchayninhbinh.vn\/blog\/wp-content\/uploads\/2023\/06\/anh9.png 600w, https:\/\/comchayninhbinh.vn\/blog\/wp-content\/uploads\/2023\/06\/anh9-300x200.png 300w, https:\/\/comchayninhbinh.vn\/blog\/wp-content\/uploads\/2023\/06\/anh9-510x340.png 510w\" sizes=\"auto, (max-width: 600px) 100vw, 600px\" \/><\/p>\n<p style=\"text-align: center;\"><img loading=\"lazy\" decoding=\"async\" class=\"alignnone wp-image-566 size-full\" src=\"https:\/\/comchayninhbinh.vn\/blog\/wp-content\/uploads\/2023\/06\/anh10.png\" alt=\"\" width=\"400\" height=\"600\" srcset=\"https:\/\/comchayninhbinh.vn\/blog\/wp-content\/uploads\/2023\/06\/anh10.png 400w, https:\/\/comchayninhbinh.vn\/blog\/wp-content\/uploads\/2023\/06\/anh10-200x300.png 200w\" sizes=\"auto, (max-width: 400px) 100vw, 400px\" \/><\/p>\n<p>&#8211; N\u01a1i s\u1ea3n xu\u1ea5t, m\u00e3 v\u1ea1ch c\u1ee7a c\u00f4ng ty \u0111\u0103ng k\u00fd \u0111\u1ea7y \u0111\u1ee7 &#8211; m\u1ed9t s\u1ed1 shop s\u1ebd kh\u00f4ng c\u00f3 c\u00e1i n\u00e0y ho\u1eb7c tra s\u1ebd kh\u00f4ng ra &#8211; \u0111\u1ec3 \u0111\u0103ng k\u00fd m\u00e3 v\u1ea1ch th\u00ec ph\u1ea3i c\u00f3 th\u00f4ng tin h\u1ee3p ph\u00e1p,&#8230;<\/p>\n<p><img loading=\"lazy\" decoding=\"async\" class=\"aligncenter wp-image-567 size-full\" src=\"https:\/\/comchayninhbinh.vn\/blog\/wp-content\/uploads\/2023\/06\/anh11.png\" alt=\"\" width=\"600\" height=\"900\" srcset=\"https:\/\/comchayninhbinh.vn\/blog\/wp-content\/uploads\/2023\/06\/anh11.png 600w, https:\/\/comchayninhbinh.vn\/blog\/wp-content\/uploads\/2023\/06\/anh11-200x300.png 200w, https:\/\/comchayninhbinh.vn\/blog\/wp-content\/uploads\/2023\/06\/anh11-510x765.png 510w\" sizes=\"auto, (max-width: 600px) 100vw, 600px\" \/><\/p>\n<h2><strong>Khuy\u1ebfn m\u1ea1i khi mua c\u01a1m ch\u00e1y Ninh B\u00ecnh<\/strong><\/h2>\n<p>&#8211; Giao h\u00e0ng to\u00e0n qu\u1ed1c, mi\u1ec5n ship t\u1eeb 10 g\u00f3i (2kg) c\u01a1m ch\u00e1y kh\u00f4ng ch\u00e0 b\u00f4ng<\/p>\n<h2><strong>Th\u00f4ng tin li\u00ean h\u1ec7<\/strong><\/h2>\n<p>C\u00f4ng ty CP TM &amp; TP Hoa L\u01b0<\/p>\n<p>Ph\u1ed1 C\u1ea7u Huy\u1ec7n, Thi\u00ean T\u00f4n, Hoa L\u01b0, Ninh B\u00ecnh<\/p>\n<p>Hotline\/zalo: 097.234.2662<br \/>\nEmail: hellocomchayninhbinh@gmail.com<br \/>\nWebsite: https:\/\/comchayninhbinh.vn<\/p>\n<h2><strong>C\u00e1c k\u00eanh b\u00e1n tham kh\u1ea3o<\/strong><\/h2>\n<p><strong>Facebook:<a href=\"http:\/\/www.facebook.com\/dacsancomchaynb\"><span style=\"color: #00a859;\"> www.facebook.com\/dacsancomchaynb<\/span><\/a><\/strong><br \/>\n<strong>Tiktok: <a href=\"https:\/\/www.tiktok.com\/@comchay_ninhbinh\"><span style=\"color: #00a859;\">https:\/\/www.tiktok.com\/@comchay_ninhbinh<\/span><\/a><\/strong><br \/>\n<strong>Youtube: <a href=\"https:\/\/www.tiktok.com\/@comchay_ninhbinh\"><span style=\"color: #00a859;\">https:\/\/www.youtube.com\/comchayninhbinh<\/span><\/a><\/strong><br \/>\n<strong>Shopee: <a href=\"https:\/\/shopee.vn\/comchayninhbinh\"><span style=\"color: #00a859;\">https:\/\/shopee.vn\/comchayninhbinh<\/span><\/a><\/strong><br \/>\n<strong>Lazada: <a href=\"http:\/\/www.lazada.vn\/shop\/comchay-ninhbinh\"><span style=\"color: #00a859;\">www.lazada.vn\/shop\/comchay-ninhbinh<\/span><\/a><\/strong><br \/>\n<strong>Tiki: <a href=\"https:\/\/tiki.vn\/cua-hang\/com-chay-ninh-binh\"><span style=\"color: #00a859;\">https:\/\/tiki.vn\/cua-hang\/com-chay-ninh-binh<\/span><\/a><\/strong><\/p>\n<p style=\"text-align: center;\">H\u00ecnh \u1ea3nh m\u1eb7t tr\u01b0\u1edbc t\u00fai c\u01a1m ch\u00e1y:<\/p>\n<p style=\"text-align: center;\"><img loading=\"lazy\" decoding=\"async\" class=\"alignnone wp-image-571 size-full\" src=\"https:\/\/comchayninhbinh.vn\/blog\/wp-content\/uploads\/2023\/06\/mattruoc.jpg\" alt=\"\" width=\"500\" height=\"499\" srcset=\"https:\/\/comchayninhbinh.vn\/blog\/wp-content\/uploads\/2023\/06\/mattruoc.jpg 500w, https:\/\/comchayninhbinh.vn\/blog\/wp-content\/uploads\/2023\/06\/mattruoc-300x300.jpg 300w, https:\/\/comchayninhbinh.vn\/blog\/wp-content\/uploads\/2023\/06\/mattruoc-150x150.jpg 150w, https:\/\/comchayninhbinh.vn\/blog\/wp-content\/uploads\/2023\/06\/mattruoc-100x100.jpg 100w\" sizes=\"auto, (max-width: 500px) 100vw, 500px\" \/><\/p>\n<p style=\"text-align: center;\">H\u00ecnh \u1ea3nh m\u1eb7t sau t\u00fai c\u01a1m ch\u00e1y:<\/p>\n<p><img loading=\"lazy\" decoding=\"async\" class=\"aligncenter wp-image-570 size-full\" src=\"https:\/\/comchayninhbinh.vn\/blog\/wp-content\/uploads\/2023\/06\/matsau.jpg\" alt=\"\" width=\"600\" height=\"599\" srcset=\"https:\/\/comchayninhbinh.vn\/blog\/wp-content\/uploads\/2023\/06\/matsau.jpg 600w, https:\/\/comchayninhbinh.vn\/blog\/wp-content\/uploads\/2023\/06\/matsau-300x300.jpg 300w, https:\/\/comchayninhbinh.vn\/blog\/wp-content\/uploads\/2023\/06\/matsau-150x150.jpg 150w, https:\/\/comchayninhbinh.vn\/blog\/wp-content\/uploads\/2023\/06\/matsau-510x509.jpg 510w, https:\/\/comchayninhbinh.vn\/blog\/wp-content\/uploads\/2023\/06\/matsau-100x100.jpg 100w\" sizes=\"auto, (max-width: 600px) 100vw, 600px\" \/><\/p>\n<p><img loading=\"lazy\" decoding=\"async\" class=\"aligncenter wp-image-568 size-full\" src=\"https:\/\/comchayninhbinh.vn\/blog\/wp-content\/uploads\/2023\/06\/anh12.png\" alt=\"\" width=\"500\" height=\"210\" srcset=\"https:\/\/comchayninhbinh.vn\/blog\/wp-content\/uploads\/2023\/06\/anh12.png 500w, https:\/\/comchayninhbinh.vn\/blog\/wp-content\/uploads\/2023\/06\/anh12-300x126.png 300w\" sizes=\"auto, (max-width: 500px) 100vw, 500px\" \/><\/p>\n","protected":false},"excerpt":{"rendered":"<p><strong>&#8211; Tr\u1ecdng l\u01b0\u1ee3ng t\u1ecbnh:<\/strong>\u00a0200g \u0111\u00f3ng theo th\u00f9ng 10 v\u00e0 20 g\u00f3i 200g<\/p>\n<p>&#8211;\u00a0<strong>Gi\u00e1: 40<\/strong>.000\u0111\u00a0&#8211; 200.000\u0111\/1kg<\/p>\n<p>&#8211;\u00a0<strong>Kh\u1ea9u v\u1ecb<\/strong>: Cay v\u1eeba<\/p>\n<p><strong>&#8211; Th\u00e0nh ph\u1ea7n:\u00a0<\/strong>100% g\u1ea1o n\u1ebfp c\u00e1i hoa v\u00e0ng, ch\u00e0 b\u00f4ng heo<\/p>\n<p><strong>&#8211; HSD:\u00a0<\/strong>5\u00a0th\u00e1ng.<\/p>\n","protected":false},"featured_media":567,"comment_status":"open","ping_status":"closed","template":"","meta":[],"product_cat":[111],"product_tag":[],"class_list":["post-569","product","type-product","status-publish","has-post-thumbnail","hentry","product_cat-com-chay-sieu-tra-bong"],"yoast_head":"<!-- This site is optimized with the Yoast SEO plugin v21.5 - https:\/\/yoast.com\/wordpress\/plugins\/seo\/ -->\n<title>C\u01a1m Ch\u00e1y Ninh B\u00ecnh 200g Si\u00eau Ch\u00e0 B\u00f4ng Cay V\u1eeba - C\u01a1m ch\u00e1y<\/title>\n<meta name=\"robots\" content=\"index, follow, max-snippet:-1, max-image-preview:large, max-video-preview:-1\" \/>\n<link rel=\"canonical\" href=\"https:\/\/comchayninhbinh.vn\/blog\/san-pham\/com-chay-ninh-binh-200g-sieu-cha-bong-cay-vua\/\" \/>\n<meta property=\"og:locale\" content=\"vi_VN\" \/>\n<meta property=\"og:type\" content=\"article\" \/>\n<meta property=\"og:title\" content=\"C\u01a1m Ch\u00e1y Ninh B\u00ecnh 200g Si\u00eau Ch\u00e0 B\u00f4ng Cay V\u1eeba - C\u01a1m ch\u00e1y\" \/>\n<meta property=\"og:description\" content=\"- Tr\u1ecdng l\u01b0\u1ee3ng t\u1ecbnh:\u00a0200g \u0111\u00f3ng theo th\u00f9ng 10 v\u00e0 20 g\u00f3i 200g  -\u00a0Gi\u00e1: 40.000\u0111\u00a0- 200.000\u0111\/1kg  -\u00a0Kh\u1ea9u v\u1ecb: Cay v\u1eeba  - Th\u00e0nh ph\u1ea7n:\u00a0100% g\u1ea1o n\u1ebfp c\u00e1i hoa v\u00e0ng, ch\u00e0 b\u00f4ng heo  - HSD:\u00a05\u00a0th\u00e1ng.\" \/>\n<meta property=\"og:url\" content=\"https:\/\/comchayninhbinh.vn\/blog\/san-pham\/com-chay-ninh-binh-200g-sieu-cha-bong-cay-vua\/\" \/>\n<meta property=\"og:site_name\" content=\"C\u01a1m ch\u00e1y\" \/>\n<meta property=\"article:publisher\" content=\"https:\/\/www.facebook.com\/hellocomchayninhbinh\" \/>\n<meta property=\"article:modified_time\" content=\"2023-06-24T09:44:40+00:00\" \/>\n<meta property=\"og:image\" content=\"https:\/\/comchayninhbinh.vn\/blog\/wp-content\/uploads\/2023\/06\/anh11.png\" \/>\n\t<meta property=\"og:image:width\" content=\"600\" \/>\n\t<meta property=\"og:image:height\" content=\"900\" \/>\n\t<meta property=\"og:image:type\" content=\"image\/png\" \/>\n<meta name=\"twitter:card\" content=\"summary_large_image\" \/>\n<meta name=\"twitter:label1\" content=\"\u01af\u1edbc t\u00ednh th\u1eddi gian \u0111\u1ecdc\" \/>\n\t<meta name=\"twitter:data1\" content=\"7 ph\u00fat\" \/>\n<script type=\"application\/ld+json\" class=\"yoast-schema-graph\">{\"@context\":\"https:\/\/schema.org\",\"@graph\":[{\"@type\":\"WebPage\",\"@id\":\"https:\/\/comchayninhbinh.vn\/blog\/san-pham\/com-chay-ninh-binh-200g-sieu-cha-bong-cay-vua\/\",\"url\":\"https:\/\/comchayninhbinh.vn\/blog\/san-pham\/com-chay-ninh-binh-200g-sieu-cha-bong-cay-vua\/\",\"name\":\"C\u01a1m Ch\u00e1y Ninh B\u00ecnh 200g Si\u00eau Ch\u00e0 B\u00f4ng Cay V\u1eeba - C\u01a1m ch\u00e1y\",\"isPartOf\":{\"@id\":\"https:\/\/comchayninhbinh.vn\/blog\/#website\"},\"datePublished\":\"2023-06-24T07:22:26+00:00\",\"dateModified\":\"2023-06-24T09:44:40+00:00\",\"breadcrumb\":{\"@id\":\"https:\/\/comchayninhbinh.vn\/blog\/san-pham\/com-chay-ninh-binh-200g-sieu-cha-bong-cay-vua\/#breadcrumb\"},\"inLanguage\":\"vi\",\"potentialAction\":[{\"@type\":\"ReadAction\",\"target\":[\"https:\/\/comchayninhbinh.vn\/blog\/san-pham\/com-chay-ninh-binh-200g-sieu-cha-bong-cay-vua\/\"]}]},{\"@type\":\"BreadcrumbList\",\"@id\":\"https:\/\/comchayninhbinh.vn\/blog\/san-pham\/com-chay-ninh-binh-200g-sieu-cha-bong-cay-vua\/#breadcrumb\",\"itemListElement\":[{\"@type\":\"ListItem\",\"position\":1,\"name\":\"Trang ch\u1ee7\",\"item\":\"https:\/\/comchayninhbinh.vn\/blog\/\"},{\"@type\":\"ListItem\",\"position\":2,\"name\":\"C\u1eeda h\u00e0ng\",\"item\":\"https:\/\/comchayninhbinh.vn\/blog\/cua-hang\/\"},{\"@type\":\"ListItem\",\"position\":3,\"name\":\"C\u01a1m Ch\u00e1y Ninh B\u00ecnh 200g Si\u00eau Ch\u00e0 B\u00f4ng Cay V\u1eeba\"}]},{\"@type\":\"WebSite\",\"@id\":\"https:\/\/comchayninhbinh.vn\/blog\/#website\",\"url\":\"https:\/\/comchayninhbinh.vn\/blog\/\",\"name\":\"C\u01a1m ch\u00e1y Ninh B\u00ecnh\",\"description\":\"\",\"publisher\":{\"@id\":\"https:\/\/comchayninhbinh.vn\/blog\/#organization\"},\"potentialAction\":[{\"@type\":\"SearchAction\",\"target\":{\"@type\":\"EntryPoint\",\"urlTemplate\":\"https:\/\/comchayninhbinh.vn\/blog\/?s={search_term_string}\"},\"query-input\":\"required name=search_term_string\"}],\"inLanguage\":\"vi\"},{\"@type\":\"Organization\",\"@id\":\"https:\/\/comchayninhbinh.vn\/blog\/#organization\",\"name\":\"C\u00f4ng ty C\u1ed5 ph\u1ea7n Th\u01b0\u01a1ng M\u1ea1i v\u00e0 Th\u1ef1c Ph\u1ea9m Hoa L\u01b0\",\"url\":\"https:\/\/comchayninhbinh.vn\/blog\/\",\"logo\":{\"@type\":\"ImageObject\",\"inLanguage\":\"vi\",\"@id\":\"https:\/\/comchayninhbinh.vn\/blog\/#\/schema\/logo\/image\/\",\"url\":\"https:\/\/comchayninhbinh.vn\/blog\/wp-content\/uploads\/2023\/11\/logo-chan.png\",\"contentUrl\":\"https:\/\/comchayninhbinh.vn\/blog\/wp-content\/uploads\/2023\/11\/logo-chan.png\",\"width\":300,\"height\":257,\"caption\":\"C\u00f4ng ty C\u1ed5 ph\u1ea7n Th\u01b0\u01a1ng M\u1ea1i v\u00e0 Th\u1ef1c Ph\u1ea9m Hoa L\u01b0\"},\"image\":{\"@id\":\"https:\/\/comchayninhbinh.vn\/blog\/#\/schema\/logo\/image\/\"},\"sameAs\":[\"https:\/\/www.facebook.com\/hellocomchayninhbinh\"]}]}<\/script>\n<!-- \/ Yoast SEO plugin. -->","yoast_head_json":{"title":"C\u01a1m Ch\u00e1y Ninh B\u00ecnh 200g Si\u00eau Ch\u00e0 B\u00f4ng Cay V\u1eeba - C\u01a1m ch\u00e1y","robots":{"index":"index","follow":"follow","max-snippet":"max-snippet:-1","max-image-preview":"max-image-preview:large","max-video-preview":"max-video-preview:-1"},"canonical":"https:\/\/comchayninhbinh.vn\/blog\/san-pham\/com-chay-ninh-binh-200g-sieu-cha-bong-cay-vua\/","og_locale":"vi_VN","og_type":"article","og_title":"C\u01a1m Ch\u00e1y Ninh B\u00ecnh 200g Si\u00eau Ch\u00e0 B\u00f4ng Cay V\u1eeba - C\u01a1m ch\u00e1y","og_description":"- Tr\u1ecdng l\u01b0\u1ee3ng t\u1ecbnh:\u00a0200g \u0111\u00f3ng theo th\u00f9ng 10 v\u00e0 20 g\u00f3i 200g  -\u00a0Gi\u00e1: 40.000\u0111\u00a0- 200.000\u0111\/1kg  -\u00a0Kh\u1ea9u v\u1ecb: Cay v\u1eeba  - Th\u00e0nh ph\u1ea7n:\u00a0100% g\u1ea1o n\u1ebfp c\u00e1i hoa v\u00e0ng, ch\u00e0 b\u00f4ng heo  - HSD:\u00a05\u00a0th\u00e1ng.","og_url":"https:\/\/comchayninhbinh.vn\/blog\/san-pham\/com-chay-ninh-binh-200g-sieu-cha-bong-cay-vua\/","og_site_name":"C\u01a1m ch\u00e1y","article_publisher":"https:\/\/www.facebook.com\/hellocomchayninhbinh","article_modified_time":"2023-06-24T09:44:40+00:00","og_image":[{"width":600,"height":900,"url":"https:\/\/comchayninhbinh.vn\/blog\/wp-content\/uploads\/2023\/06\/anh11.png","type":"image\/png"}],"twitter_card":"summary_large_image","twitter_misc":{"\u01af\u1edbc t\u00ednh th\u1eddi gian \u0111\u1ecdc":"7 ph\u00fat"},"schema":{"@context":"https:\/\/schema.org","@graph":[{"@type":"WebPage","@id":"https:\/\/comchayninhbinh.vn\/blog\/san-pham\/com-chay-ninh-binh-200g-sieu-cha-bong-cay-vua\/","url":"https:\/\/comchayninhbinh.vn\/blog\/san-pham\/com-chay-ninh-binh-200g-sieu-cha-bong-cay-vua\/","name":"C\u01a1m Ch\u00e1y Ninh B\u00ecnh 200g Si\u00eau Ch\u00e0 B\u00f4ng Cay V\u1eeba - C\u01a1m ch\u00e1y","isPartOf":{"@id":"https:\/\/comchayninhbinh.vn\/blog\/#website"},"datePublished":"2023-06-24T07:22:26+00:00","dateModified":"2023-06-24T09:44:40+00:00","breadcrumb":{"@id":"https:\/\/comchayninhbinh.vn\/blog\/san-pham\/com-chay-ninh-binh-200g-sieu-cha-bong-cay-vua\/#breadcrumb"},"inLanguage":"vi","potentialAction":[{"@type":"ReadAction","target":["https:\/\/comchayninhbinh.vn\/blog\/san-pham\/com-chay-ninh-binh-200g-sieu-cha-bong-cay-vua\/"]}]},{"@type":"BreadcrumbList","@id":"https:\/\/comchayninhbinh.vn\/blog\/san-pham\/com-chay-ninh-binh-200g-sieu-cha-bong-cay-vua\/#breadcrumb","itemListElement":[{"@type":"ListItem","position":1,"name":"Trang ch\u1ee7","item":"https:\/\/comchayninhbinh.vn\/blog\/"},{"@type":"ListItem","position":2,"name":"C\u1eeda h\u00e0ng","item":"https:\/\/comchayninhbinh.vn\/blog\/cua-hang\/"},{"@type":"ListItem","position":3,"name":"C\u01a1m Ch\u00e1y Ninh B\u00ecnh 200g Si\u00eau Ch\u00e0 B\u00f4ng Cay V\u1eeba"}]},{"@type":"WebSite","@id":"https:\/\/comchayninhbinh.vn\/blog\/#website","url":"https:\/\/comchayninhbinh.vn\/blog\/","name":"C\u01a1m ch\u00e1y Ninh B\u00ecnh","description":"","publisher":{"@id":"https:\/\/comchayninhbinh.vn\/blog\/#organization"},"potentialAction":[{"@type":"SearchAction","target":{"@type":"EntryPoint","urlTemplate":"https:\/\/comchayninhbinh.vn\/blog\/?s={search_term_string}"},"query-input":"required name=search_term_string"}],"inLanguage":"vi"},{"@type":"Organization","@id":"https:\/\/comchayninhbinh.vn\/blog\/#organization","name":"C\u00f4ng ty C\u1ed5 ph\u1ea7n Th\u01b0\u01a1ng M\u1ea1i v\u00e0 Th\u1ef1c Ph\u1ea9m Hoa L\u01b0","url":"https:\/\/comchayninhbinh.vn\/blog\/","logo":{"@type":"ImageObject","inLanguage":"vi","@id":"https:\/\/comchayninhbinh.vn\/blog\/#\/schema\/logo\/image\/","url":"https:\/\/comchayninhbinh.vn\/blog\/wp-content\/uploads\/2023\/11\/logo-chan.png","contentUrl":"https:\/\/comchayninhbinh.vn\/blog\/wp-content\/uploads\/2023\/11\/logo-chan.png","width":300,"height":257,"caption":"C\u00f4ng ty C\u1ed5 ph\u1ea7n Th\u01b0\u01a1ng M\u1ea1i v\u00e0 Th\u1ef1c Ph\u1ea9m Hoa L\u01b0"},"image":{"@id":"https:\/\/comchayninhbinh.vn\/blog\/#\/schema\/logo\/image\/"},"sameAs":["https:\/\/www.facebook.com\/hellocomchayninhbinh"]}]}},"_links":{"self":[{"href":"https:\/\/comchayninhbinh.vn\/blog\/wp-json\/wp\/v2\/product\/569","targetHints":{"allow":["GET"]}}],"collection":[{"href":"https:\/\/comchayninhbinh.vn\/blog\/wp-json\/wp\/v2\/product"}],"about":[{"href":"https:\/\/comchayninhbinh.vn\/blog\/wp-json\/wp\/v2\/types\/product"}],"replies":[{"embeddable":true,"href":"https:\/\/comchayninhbinh.vn\/blog\/wp-json\/wp\/v2\/comments?post=569"}],"wp:featuredmedia":[{"embeddable":true,"href":"https:\/\/comchayninhbinh.vn\/blog\/wp-json\/wp\/v2\/media\/567"}],"wp:attachment":[{"href":"https:\/\/comchayninhbinh.vn\/blog\/wp-json\/wp\/v2\/media?parent=569"}],"wp:term":[{"taxonomy":"product_cat","embeddable":true,"href":"https:\/\/comchayninhbinh.vn\/blog\/wp-json\/wp\/v2\/product_cat?post=569"},{"taxonomy":"product_tag","embeddable":true,"href":"https:\/\/comchayninhbinh.vn\/blog\/wp-json\/wp\/v2\/product_tag?post=569"}],"curies":[{"name":"wp","href":"https:\/\/api.w.org\/{rel}","templated":true}]}}